{"id":17221,"date":"2024-06-11T16:25:24","date_gmt":"2024-06-11T14:25:24","guid":{"rendered":"https:\/\/www.eps-asds.ch\/eps-asds\/statuten\/"},"modified":"2024-07-25T19:08:14","modified_gmt":"2024-07-25T17:08:14","slug":"statuten","status":"publish","type":"page","link":"https:\/\/www.eps-asds.ch\/de\/eps-asds\/statuten\/","title":{"rendered":"Statuten"},"content":{"rendered":"<div class=\"wpb-content-wrapper\"><p>[vc_row css_animation=&#8220;&#8220; row_type=&#8220;row&#8220; use_row_as_full_screen_section=&#8220;no&#8220; type=&#8220;grid&#8220; angled_section=&#8220;no&#8220; text_align=&#8220;left&#8220; background_image_as_pattern=&#8220;without_pattern&#8220; z_index=&#8220;&#8220;][vc_column][vc_empty_space height=&#8220;50px&#8220;]<div class='q_icon_with_title small normal_icon '><div class=\"icon_holder \" style=\" \"><span data-icon-type=\"normal\"   style=\"\" class=\"qode_iwt_icon_holder q_font_awsome_icon fa-2x  \"><i class=\"qode_icon_font_awesome fa fa-file qode_iwt_icon_element\" style=\"\" ><\/i><\/span><\/div><div class=\"icon_text_holder\" style=\"\"><div class=\"icon_text_inner\" style=\"\"><h5 class=\"icon_title\" style=\"\"><\/h5><p style=''><\/p><a itemprop='url' class='icon_with_title_link' href='https:\/\/www.eps-asds.ch\/wp-content\/uploads\/2024\/07\/06.24-All_Statuts-eps-asds.pdf' target='_self' style=''>Statuten im PDF-Format<\/a><\/div><\/div><\/div>[vc_empty_space height=&#8220;50px&#8220;][\/vc_column][\/vc_row][vc_row css_animation=&#8220;&#8220; row_type=&#8220;row&#8220; use_row_as_full_screen_section=&#8220;no&#8220; type=&#8220;grid&#8220; angled_section=&#8220;no&#8220; text_align=&#8220;left&#8220; background_image_as_pattern=&#8220;without_pattern&#8220; z_index=&#8220;&#8220;][vc_column][vc_column_text]<\/p>\n<h2>I. Rechtslage<\/h2>\n<p>&nbsp;<\/p>\n<h3>Kunst. 1<\/h3>\n<p>  Die ANCIENS SCOUTS DE SUISSE ASdS (EHEMALIGE PFADI SCHWEIZ\/ ANZIANI SCAUT DELLA SVIZZERA) ist eine Vereinigung im Sinne von Art. 60 ff. des ZGB. Sie ist politisch und religi\u00f6s neutral. Der Sitz der Gesellschaft befindet sich am Wohnsitz des\/der Vorsitzenden.  &nbsp;<\/p>\n<h3>Kunst. 2<\/h3>\n<p>  Die ASdS ist Mitglied der &#8222;Amiti\u00e9 Internationale Scoute et Guide (AISG) &amp;emdash; International Scout and Guide Fellowship (ISGF)&#8220;.  &nbsp;<\/p>\n<h3>Kunst. 3<\/h3>\n<p>  Die Verbindlichkeiten des AdsD werden nur durch das Verm\u00f6gen des Verbandes gesichert. Die Mitglieder sind nicht pers\u00f6nlich daf\u00fcr verantwortlich.  &nbsp;<\/p>\n<h2>II. Ziele und Aktivit\u00e4ten<\/h2>\n<p>&nbsp;<\/p>\n<h3>Kunst. 4<\/h3>\n<p>  Die ASdS bezweckt den Zusammenschluss von ehemaligen Pfadfinderinnen und Pfadfindern sowie deren Vereinigungen, die -ihren Willen bekunden wollen, weiterhin im Geiste des Pfadfindergesetzes und des Pfadfinderversprechens zu leben -die Schweizerische Pfadfinderbewegung unterst\u00fctzen -mit allen Kr\u00e4ften an der Erf\u00fcllung der Aufgaben der ASdS mitarbeiten wollen.  &nbsp;<\/p>\n<h3>Kunst. 5<\/h3>\n<p>  Der ASdS will seinen Mitgliedern helfen, die definierten Ziele zu erreichen und Werke zu unterst\u00fctzen oder zu schaffen, die der Pfadfinderbewegung oder der Jugend dienen.  &nbsp;<\/p>\n<h2>III. Mitglieder<\/h2>\n<p>&nbsp;<\/p>\n<h3>Kunst. 6<\/h3>\n<p>  Die Mitglieder sind: a) Einzelmitglieder &#8211; ehemalige Pfadfinderinnen und Pfadfinder, Pfadfinderinnen und Pfadfinder, aktive erwachsene Leiterinnen und Leiter &#8211; und andere Personen, die nicht der aktiven Pfadfinderschaft angeh\u00f6rt haben, aber bereit sind, die gleichen Verpflichtungen zu \u00fcbernehmen.<br \/>\nb) Kollektivmitglieder &#8211; Vereinigungen von ehemaligen Pfadfinderinnen und Pfadfindern &#8211; Vereinigungen oder Organisationen, die die Pfadfinderbewegung unterst\u00fctzen.   &nbsp;<\/p>\n<h3>Kunst. 7<\/h3>\n<p>  Einzelne oder kollektive Mitglieder einer Region k\u00f6nnen sich rechtlich in einer Sektion organisieren. Diese muss vom Rat der ASdS anerkannt werden.  &nbsp;<\/p>\n<h3>Kunst. 8<\/h3>\n<p>  Die Mitgliedschaft wird durch die Zahlung des Jahresbeitrages und die Aufnahme durch eine Sektion oder den Rat der AHS erworben.  <\/p>\n<h3>Kunst. 9<\/h3>\n<p>  Die Mitgliedschaft endet durch Austritt, Streichung oder Ausschluss. Der Austritt ist dem Sektionsvorstand oder dem ASdS-Vorstand mitzuteilen und wird zum Ende des Kalenderjahres wirksam. Der Ausschluss wegen Nichtzahlung des Jahresbeitrages erfolgt nach 3 Mahnungen durch den Vorstand der Sektion bzw. den Vorstand der ASdS. Der Ausschluss wird vom Vorstand der Sektion bzw. vom Vorstand des ASdS ohne Angabe von Gr\u00fcnden ausgesprochen und tritt sofort in Kraft. Eine Beschwerde beim Rat der ASdS bzw. der GV ist m\u00f6glich.  &nbsp;<\/p>\n<h2>IV. Organisation<\/h2>\n<p>&nbsp;<\/p>\n<h3>Kunst. 10<\/h3>\n<p>  Die Organe der ASdS sind: a) die Mitgliederversammlung (GV) b) der Rat c) die Rechnungspr\u00fcfer\/innen  &nbsp;<\/p>\n<h3>Kunst. 11<\/h3>\n<p>  Die ordentliche GV tritt alle zwei Jahre zusammen und besucht dabei abwechselnd die verschiedenen Regionen des Landes. Die Einladung mit Tagesordnung wird mindestens einen Monat im Voraus an die Mitglieder versandt. Die Schweizer Pfadfinderbewegung ist eingeladen, an der GV vertreten zu sein. Vorschl\u00e4ge zur Erg\u00e4nzung der Tagesordnung m\u00fcssen dem Vorsitzenden sp\u00e4testens 20 Tage vor der Generalversammlung zugehen.  &nbsp;<\/p>\n<h3>Kunst. 12<\/h3>\n<p>  Der GA ist zust\u00e4ndig f\u00fcr a) nimmt den Ratsbericht an b) den Jahresabschluss entgegenzunehmen c) w\u00e4hlt den Pr\u00e4sidenten und den Vizepr\u00e4sidenten d) w\u00e4hlt maximal 10 weitere Mitglieder in den Rat e) die beiden Rechnungspr\u00fcfer bestellen f) genehmigt das Budget und entscheidet \u00fcber Spenden g) die H\u00f6he der Jahresbeitr\u00e4ge und die finanziellen Befugnisse des Rates festzulegen h) \u00c4nderung der Statuten Unter Vorbehalt der \u00c4nderung der Statuten und der Aufl\u00f6sung der ASdS gen\u00fcgt die einfache Mehrheit der anwesenden Mitglieder. Die GV fasst Beschl\u00fcsse nur zu den Punkten auf der Tagesordnung.  &nbsp;<\/p>\n<h3>Kunst. 13<\/h3>\n<p>  Eine au\u00dferordentliche GV wird auf Beschluss des Rates oder auf Antrag von mindestens 30 Einzelmitgliedern, 3 Sektionen oder 10 Kollektivmitgliedern einberufen. Die Einladung muss unter Angabe der Tagesordnung mindestens 1 Monat im Voraus versandt werden.  &nbsp;<\/p>\n<h3>Kunst. 14<\/h3>\n<p>  Der Rat besteht aus a) der Pr\u00e4sident und der Vizepr\u00e4sident b) maximal 10 von der GV berufene Mitglieder Nominierungen f\u00fcr den Vorstand m\u00fcssen dem Vorsitzenden mindestens zwei Monate vor der GV zugestellt werden. Die Kandidatenliste ist der Tagesordnung beigef\u00fcgt. Die Ratsmitglieder werden f\u00fcr zwei Jahre gew\u00e4hlt. Sie k\u00f6nnen dem Vorstand h\u00f6chstens sechs Jahre in Folge angeh\u00f6ren. Unabh\u00e4ngig von der Dauer ihrer Amtszeit im Vorstand k\u00f6nnen Pr\u00e4sident und Vizepr\u00e4sident h\u00f6chstens dreimal (6 Jahre) gew\u00e4hlt werden. Insgesamt k\u00f6nnen sie dem Rat maximal 10 Jahre ohne Unterbrechung angeh\u00f6ren. Kooptierte Mitglieder k\u00f6nnen dem Vorstand maximal 10 Jahre ohne Unterbrechung angeh\u00f6ren. Die Ratsmitglieder kommen aus der Pfadfinderbewegung. Die verschiedenen Sprachregionen sollten angemessen vertreten sein. Der Rat konstituiert sich selbst.  &nbsp;<\/p>\n<h3>Kunst. f\u00fcnfzehn<\/h3>\n<p>  Der Rat vertritt den AdsD und organisiert seine T\u00e4tigkeit. Er organisiert Treffen f\u00fcr seine Mitglieder. Er entscheidet \u00fcber einmalige, nicht budgetierte Ausgaben im Rahmen seiner von der GV festgelegten Kompetenzen. Er entscheidet \u00fcber die Beziehungen zu anderen mit der Pfadfinderbewegung verbundenen Organisationen. Er ernennt die ASdS-Delegierten in die ISGF-GV und erstellt die Liste der vorgeschlagenen Mitglieder f\u00fcr seinen Rat. Es erkennt neue Abschnitte. Er kann Sonderaufgaben an Aussch\u00fcsse \u00fcbertragen, die ihm mindestens einen Jahresbericht \u00fcber ihre Aktivit\u00e4ten vorlegen.  &nbsp;<\/p>\n<h2>V.Finanzen<\/h2>\n<p>&nbsp;<\/p>\n<h3>Kunst. 16<\/h3>\n<p>  Die Ressourcen des ASdS sind: a) die Beitr\u00e4ge der einzelnen und kollektiven Mitglieder b) Spenden c) Produkte aus Finanzkampagnen  &nbsp;<\/p>\n<h3>Kunst. 17<\/h3>\n<p>  Die H\u00f6he der Beitr\u00e4ge von Einzelmitgliedern und Kollektivmitgliedern kann unterschiedlich sein. Paare zahlen nur einen Beitrag.  &nbsp;<\/p>\n<h3>Kunst. 18<\/h3>\n<p>  Die Sektionen k\u00f6nnen von ihren Mitgliedern neben ihren eigenen Beitr\u00e4gen auch die Beitr\u00e4ge der AdsD einziehen und leiten diese an die AdsD weiter.  &nbsp;<\/p>\n<h3>Kunst. 19<\/h3>\n<p>  Spenden k\u00f6nnen nur im Rahmen der zur Verf\u00fcgung stehenden Betr\u00e4ge gew\u00e4hrt werden. Bleibt eine Spende 3 Jahre lang nicht abgerufen, steht der Betrag wieder zur Verf\u00fcgung. Spendenantr\u00e4ge sind mindestens drei Monate vor der GV an den Pr\u00e4sidenten zu richten. VI. \u00c4nderung der Satzung, Aufl\u00f6sung, Inkrafttreten  &nbsp;<\/p>\n<h3>Kunst. 20<\/h3>\n<p>  \u00c4nderungen dieser Satzung k\u00f6nnen von der Generalversammlung beschlossen werden. \u00c4nderungsvorschl\u00e4ge sind der Tagesordnung beizuf\u00fcgen. Beschl\u00fcsse m\u00fcssen die Zustimmung von 2\/3 der anwesenden Mitglieder erhalten.  &nbsp;<\/p>\n<h3>Kunst. 21<\/h3>\n<p>  Die Aufl\u00f6sung kann nur durch eine au\u00dferordentliche GV beschlossen werden, die eigens zu diesem Zweck einberufen wird. Der Beschluss muss namentlich und mit einer Mehrheit von 3\/4 der anwesenden Mitglieder gefasst werden. Ein Restbetrag in der Kasse wird nach Zahlung der eingegangenen Verpflichtungen an die Schweizerische Pfadfinderbewegung oder, falls nicht vorhanden, an andere Jugendorganisationen \u00fcberwiesen.  &nbsp;<\/p>\n<h3>Kunst. 22<\/h3>\n<p>  Diese Satzung wurde von der GV am 9. Mai 1998 angenommen und trat am folgenden Tag in Kraft. Sie ersetzen die der GV vom 28. April 1990. &nbsp; Baden, den 9. Mai 1998 Der Pr\u00e4sident: Walter Giger\/Koks &nbsp; Die deutsche Fassung ist verbindlich.[\/vc_column_text][\/vc_column][\/vc_row]<\/p>\n<\/div>","protected":false},"excerpt":{"rendered":"<p>[vc_row css_animation=&#8220;&#8220; row_type=&#8220;row&#8220; use_row_as_full_screen_section=&#8220;no&#8220; type=&#8220;grid&#8220; angled_section=&#8220;no&#8220; text_align=&#8220;left&#8220; background_image_as_pattern=&#8220;without_pattern&#8220; z_index=&#8220;&#8220;][vc_column][vc_empty_space height=&#8220;50px&#8220;][vc_empty_space height=&#8220;50px&#8220;][\/vc_column][\/vc_row][vc_row css_animation=&#8220;&#8220; row_type=&#8220;row&#8220; use_row_as_full_screen_section=&#8220;no&#8220; type=&#8220;grid&#8220; angled_section=&#8220;no&#8220; text_align=&#8220;left&#8220; background_image_as_pattern=&#8220;without_pattern&#8220; z_index=&#8220;&#8220;][vc_column][vc_column_text] I. Rechtslage &nbsp; Kunst. 1 Die ANCIENS SCOUTS DE SUISSE ASdS (EHEMALIGE PFADI SCHWEIZ\/ ANZIANI SCAUT DELLA SVIZZERA) ist eine Vereinigung im Sinne von Art. 60 ff. des ZGB. Sie ist politisch und religi\u00f6s neutral. Der Sitz der Gesellschaft befindet sich am Wohnsitz des\/der Vorsitzenden. &nbsp; Kunst. 2 Die ASdS ist Mitglied der &#8222;Amiti\u00e9 Internationale Scoute et Guide (AISG) &amp;emdash; International Scout and Guide Fellowship (ISGF)&#8220;. &nbsp; Kunst. 3 Die Verbindlichkeiten des AdsD werden nur durch das Verm\u00f6gen des Verbandes gesichert. Die Mitglieder sind nicht pers\u00f6nlich daf\u00fcr verantwortlich. &nbsp; II. Ziele und Aktivit\u00e4ten &nbsp; Kunst. 4 Die ASdS bezweckt den Zusammenschluss von ehemaligen Pfadfinderinnen und Pfadfindern sowie deren Vereinigungen, die -ihren Willen bekunden wollen, weiterhin im Geiste des Pfadfindergesetzes und des Pfadfinderversprechens zu leben -die Schweizerische Pfadfinderbewegung unterst\u00fctzen -mit allen Kr\u00e4ften&#8230;<\/p>\n","protected":false},"author":3,"featured_media":0,"parent":17208,"menu_order":6,"comment_status":"open","ping_status":"closed","template":"","meta":{"inline_featured_image":false,"footnotes":""},"class_list":["post-17221","page","type-page","status-publish","hentry"],"_links":{"self":[{"href":"https:\/\/www.eps-asds.ch\/de\/wp-json\/wp\/v2\/pages\/17221","targetHints":{"allow":["GET"]}}],"collection":[{"href":"https:\/\/www.eps-asds.ch\/de\/wp-json\/wp\/v2\/pages"}],"about":[{"href":"https:\/\/www.eps-asds.ch\/de\/wp-json\/wp\/v2\/types\/page"}],"author":[{"embeddable":true,"href":"https:\/\/www.eps-asds.ch\/de\/wp-json\/wp\/v2\/users\/3"}],"replies":[{"embeddable":true,"href":"https:\/\/www.eps-asds.ch\/de\/wp-json\/wp\/v2\/comments?post=17221"}],"version-history":[{"count":16,"href":"https:\/\/www.eps-asds.ch\/de\/wp-json\/wp\/v2\/pages\/17221\/revisions"}],"predecessor-version":[{"id":17806,"href":"https:\/\/www.eps-asds.ch\/de\/wp-json\/wp\/v2\/pages\/17221\/revisions\/17806"}],"up":[{"embeddable":true,"href":"https:\/\/www.eps-asds.ch\/de\/wp-json\/wp\/v2\/pages\/17208"}],"wp:attachment":[{"href":"https:\/\/www.eps-asds.ch\/de\/wp-json\/wp\/v2\/media?parent=17221"}],"curies":[{"name":"wp","href":"https:\/\/api.w.org\/{rel}","templated":true}]}}