{"id":17217,"date":"2020-05-19T09:09:34","date_gmt":"2020-05-19T07:09:34","guid":{"rendered":"https:\/\/www.eps-asds.ch\/wert\/"},"modified":"2022-12-01T14:14:18","modified_gmt":"2022-12-01T13:14:18","slug":"wert","status":"publish","type":"page","link":"https:\/\/www.eps-asds.ch\/de\/abschnitte\/wert\/","title":{"rendered":"Sektion Waadt"},"content":{"rendered":"<div class=\"wpb-content-wrapper\"><p>[vc_row css_animation=&#8220;&#8220; row_type=&#8220;row&#8220; use_row_as_full_screen_section=&#8220;no&#8220; type=&#8220;full_width&#8220; angled_section=&#8220;no&#8220; text_align=&#8220;left&#8220; background_image_as_pattern=&#8220;without_pattern&#8220;][vc_column][vc_column_text]<\/p>\n<h2>Damit Freundschaft und Scouting-Werte ein Leben lang halten!<\/h2>\n<p>Camps, Mahnwachen, Spazierg\u00e4nge, Entdeckungen, Training, Geselligkeit, Lachen, Erfahrungen, Werte, Engagement&#8230;<\/p>\n<p>\u2026 kurz gesagt, Scouting!<\/p>\n<p>Ein einziges Wort weckt so viele Erinnerungen! Warum also nach der aktiven Pfadfinderzeit &#8211; sei sie nun neu oder schon l\u00e4nger her &#8211; den Zauber der Pfadfinderbewegung nicht auf andere Weise weiterleben? <strong>Die Association des anciens scouts vaudois<\/strong> (AASV) hat zum Ziel, ehemalige Pfadfinder und Sympathisanten der Pfadfinderei in unserem Kanton zu vereinen. Unser Ziel ist es, diese Freundschaft unter uns weiterleben zu lassen, die Werte der Pfadfinderbewegung in der Gesellschaft weitergeben zu k\u00f6nnen und unsere F\u00e4higkeiten je nach Anfrage in den Dienst der Aktiven stellen zu k\u00f6nnen.<\/p>\n<p>Wenn du also ein\/e ehemalige\/r Pfadfinder\/in bist, seit langem oder seit kurzem, oder wenn du es bald sein wirst, z\u00f6gere nicht, dich uns <strong>anzuschlie\u00dfen<\/strong>! Unsere j\u00e4hrlichen Aktivit\u00e4ten, die immer im Zeichen der Geselligkeit stehen, sind :<\/p>\n<ul>\n<li>Ein kultureller Besuch verbunden mit unserer Generalversammlung<\/li>\n<li>Ein oder zwei Ausfl\u00fcge im Jahr, um spannende Orte oder Menschen zu entdecken<\/li>\n<li>Eine Aktion im Dienste der Gemeinschaft<\/li>\n<li>Und jeder andere Vorschlag von Ihnen!<\/li>\n<\/ul>\n<p>Der Jahresbeitrag betr\u00e4gt 50.-, womit du dich auch an der Unterst\u00fctzung des aktiven Pfadfindertums und am Erhalt des Bulletins der ehemaligen Pfadfinder der Schweiz beteiligst. Auf diese Weise bleibst du \u00fcber Scouting-Neuigkeiten in der Schweiz oder auf der ganzen Welt informiert.<\/p>\n<p>Auch bereits gebildete Alumni-Gruppen \u2013 insbesondere solche von Gruppen \u2013 k\u00f6nnen als Kollektivmitglieder beitreten und so alle ihre Mitglieder an den Aktivit\u00e4ten des AASV teilhaben lassen.<\/p>\n<p><strong>Bist du interessiert?<\/strong> Um Mitglied zu werden oder bei weiteren Fragen, z\u00f6gere nicht, dich unter der folgenden E-Mail-Adresse zu melden: <a href=\"mailto:anciens@asvd.ch\">anciens@asvd <\/a>.ch, <\/p>\n<p>oder an die Postadresse :<\/p>\n<p>Claude-Alain Rechsteiner<br \/>\nGrand&#8217;Rue 2<br \/>\n1844 Villeneuve<br \/>\n079 236 03 48<\/p>\n<p><strong>Wir freuen uns, Sie bei uns zu haben!<\/strong><\/p>\n<p><strong>Claude-Alain Rechsteiner<\/strong> \/Loir<img loading=\"lazy\" decoding=\"async\" class=\"alignnone wp-image-17589\" src=\"https:\/\/www.eps-asds.ch\/wp-content\/uploads\/2022\/11\/Claude-Alain-Rechsteiner.jpg\" alt=\"\" width=\"167\" height=\"177\">[\/vc_column_text][vc_empty_space height=&#8220;75px&#8220;]\n<div class='latest_post_holder image_on_the_left_boxed  ' >\n    <ul>\n    \n    <\/ul>\n<\/div>[\/vc_column][\/vc_row]<\/p>\n<\/div>","protected":false},"excerpt":{"rendered":"<p>[vc_row css_animation=&#8220;&#8220; row_type=&#8220;row&#8220; use_row_as_full_screen_section=&#8220;no&#8220; type=&#8220;full_width&#8220; angled_section=&#8220;no&#8220; text_align=&#8220;left&#8220; background_image_as_pattern=&#8220;without_pattern&#8220;][vc_column][vc_column_text] Damit Freundschaft und Scouting-Werte ein Leben lang halten! Camps, Mahnwachen, Spazierg\u00e4nge, Entdeckungen, Training, Geselligkeit, Lachen, Erfahrungen, Werte, Engagement&#8230; \u2026 kurz gesagt, Scouting! Ein einziges Wort weckt so viele Erinnerungen! Warum also nach der aktiven Pfadfinderzeit &#8211; sei sie nun neu oder schon l\u00e4nger her &#8211; den Zauber der Pfadfinderbewegung nicht auf andere Weise weiterleben? Die Association des anciens scouts vaudois (AASV) hat zum Ziel, ehemalige Pfadfinder und Sympathisanten der Pfadfinderei in unserem Kanton zu vereinen. Unser Ziel ist es, diese Freundschaft unter uns weiterleben zu lassen, die Werte der Pfadfinderbewegung in der Gesellschaft weitergeben zu k\u00f6nnen und unsere F\u00e4higkeiten je nach Anfrage in den Dienst der Aktiven stellen zu k\u00f6nnen. Wenn du also ein\/e ehemalige\/r Pfadfinder\/in bist, seit langem oder seit kurzem, oder wenn du es bald sein wirst, z\u00f6gere nicht, dich uns anzuschlie\u00dfen! Unsere j\u00e4hrlichen Aktivit\u00e4ten, die immer im Zeichen der&#8230;<\/p>\n","protected":false},"author":4,"featured_media":15903,"parent":17228,"menu_order":1,"comment_status":"closed","ping_status":"closed","template":"","meta":{"inline_featured_image":false,"footnotes":""},"class_list":["post-17217","page","type-page","status-publish","has-post-thumbnail","hentry"],"_links":{"self":[{"href":"https:\/\/www.eps-asds.ch\/de\/wp-json\/wp\/v2\/pages\/17217","targetHints":{"allow":["GET"]}}],"collection":[{"href":"https:\/\/www.eps-asds.ch\/de\/wp-json\/wp\/v2\/pages"}],"about":[{"href":"https:\/\/www.eps-asds.ch\/de\/wp-json\/wp\/v2\/types\/page"}],"author":[{"embeddable":true,"href":"https:\/\/www.eps-asds.ch\/de\/wp-json\/wp\/v2\/users\/4"}],"replies":[{"embeddable":true,"href":"https:\/\/www.eps-asds.ch\/de\/wp-json\/wp\/v2\/comments?post=17217"}],"version-history":[{"count":17,"href":"https:\/\/www.eps-asds.ch\/de\/wp-json\/wp\/v2\/pages\/17217\/revisions"}],"predecessor-version":[{"id":17602,"href":"https:\/\/www.eps-asds.ch\/de\/wp-json\/wp\/v2\/pages\/17217\/revisions\/17602"}],"up":[{"embeddable":true,"href":"https:\/\/www.eps-asds.ch\/de\/wp-json\/wp\/v2\/pages\/17228"}],"wp:featuredmedia":[{"embeddable":true,"href":"https:\/\/www.eps-asds.ch\/de\/wp-json\/wp\/v2\/media\/15903"}],"wp:attachment":[{"href":"https:\/\/www.eps-asds.ch\/de\/wp-json\/wp\/v2\/media?parent=17217"}],"curies":[{"name":"wp","href":"https:\/\/api.w.org\/{rel}","templated":true}]}}