{"id":17013,"date":"2020-08-18T10:10:43","date_gmt":"2020-08-18T08:10:43","guid":{"rendered":"https:\/\/www.eps-asds.ch\/nachrichten\/"},"modified":"2022-07-06T10:23:13","modified_gmt":"2022-07-06T08:23:13","slug":"nachrichten","status":"publish","type":"page","link":"https:\/\/www.eps-asds.ch\/de\/eps-asds\/nachrichten\/","title":{"rendered":"Nachrichten"},"content":{"rendered":"<div class=\"wpb-content-wrapper\"><p>[vc_row css_animation=&#8220;&#8220; row_type=&#8220;row&#8220; use_row_as_full_screen_section=&#8220;no&#8220; type=&#8220;grid&#8220; angled_section=&#8220;no&#8220; text_align=&#8220;left&#8220; background_image_as_pattern=&#8220;without_pattern&#8220; z_index=&#8220;&#8220;][vc_column][vc_empty_space height=&#8220;50px&#8220;][vc_column_text]Hier finden Sie die neuesten Informationen von EPS\/ASDS[\/vc_column_text][vc_empty_space height=&#8220;25px&#8220;]\n<div class='latest_post_holder image_on_the_left_boxed  ' >\n    <ul>\n    <li class=\"clearfix \">\n    <div class=\"latest_post\">\n        <div class=\"latest_post_image clearfix\">\n            <a itemprop=\"url\" href=\"https:\/\/www.eps-asds.ch\/de\/22-februar-2026-tragen-sie-ihr-kopftuch\/\">\n                                <img decoding=\"async\" itemprop=\"image\" src=\"https:\/\/www.eps-asds.ch\/wp-content\/uploads\/2025\/02\/Drapeau-scout-mondial-180x300cm-150x150.jpg\" alt=\"\" \/>\n            <\/a>\n        <\/div>\n        <div class=\"latest_post_text\">\n            <div class=\"latest_post_inner\">\n                <div class=\"latest_post_text_inner\">\n                                                                <span class=\"date_hour_holder\">\n                                <span itemprop=\"dateCreated\" class=\"date entry_date updated\">14.02.2026 <meta itemprop=\"interactionCount\" content=\"UserComments: 0\"\/><\/span>\n                            <\/span>\n                                        <h3 itemprop=\"name\" class=\"latest_post_title entry_title\"><a itemprop=\"url\" href=\"https:\/\/www.eps-asds.ch\/de\/22-februar-2026-tragen-sie-ihr-kopftuch\/\">22. Februar 2026 &#8211; Tragen Sie Ihr Kopftuch!<\/a><\/h3>\n                    <p itemprop=\"description\" class=\"excerpt\">22. Februar 2026 &#8211; Tragen Sie Ihr Kopftuch! &nbsp;...<\/p>\n                    <span class=\"post_infos\">\n\n                        \n                        \n                        \n\n                    <\/span>\n                <\/div>\n            <\/div>\n        <\/div>\n    <\/div>\n<\/li>\n        <li class=\"clearfix \">\n    <div class=\"latest_post\">\n        <div class=\"latest_post_image clearfix\">\n            <a itemprop=\"url\" href=\"https:\/\/www.eps-asds.ch\/de\/22-februar-2025-tragen-sie-ihr-kopftuch\/\">\n                                <img decoding=\"async\" itemprop=\"image\" src=\"https:\/\/www.eps-asds.ch\/wp-content\/uploads\/2025\/02\/Drapeau-scout-mondial-180x300cm-150x150.jpg\" alt=\"\" \/>\n            <\/a>\n        <\/div>\n        <div class=\"latest_post_text\">\n            <div class=\"latest_post_inner\">\n                <div class=\"latest_post_text_inner\">\n                                                                <span class=\"date_hour_holder\">\n                                <span itemprop=\"dateCreated\" class=\"date entry_date updated\">22.02.2025 <meta itemprop=\"interactionCount\" content=\"UserComments: 0\"\/><\/span>\n                            <\/span>\n                                        <h3 itemprop=\"name\" class=\"latest_post_title entry_title\"><a itemprop=\"url\" href=\"https:\/\/www.eps-asds.ch\/de\/22-februar-2025-tragen-sie-ihr-kopftuch\/\">22. Februar 2025 &#8211; Tragen Sie Ihr Kopftuch!<\/a><\/h3>\n                    <p itemprop=\"description\" class=\"excerpt\">Wie jedes Jahr werden Tausende von Schweizer Pfadfindern den Geburtstag des Pfadfindergr\u00fcnders Baden Powell (BiPi) feiern, indem sie ihr Halstuch zu seinen Ehren tragen. Wenn Sie ein Pfadfinder sind oder waren, tragen Sie Ihr Halstuch am Samstag, den 22. Februar 2025, den ganzen Tag lang, um an die Gr\u00fcndung der Pfadfinderbewegung zu erinnern....<\/p>\n                    <span class=\"post_infos\">\n\n                        \n                        \n                        \n\n                    <\/span>\n                <\/div>\n            <\/div>\n        <\/div>\n    <\/div>\n<\/li>\n        <li class=\"clearfix \">\n    <div class=\"latest_post\">\n        <div class=\"latest_post_image clearfix\">\n            <a itemprop=\"url\" href=\"https:\/\/www.eps-asds.ch\/de\/treffen-2024-gruppe-ehemalige-waadtlaender\/\">\n                                <img decoding=\"async\" itemprop=\"image\" src=\"https:\/\/www.eps-asds.ch\/wp-content\/uploads\/2020\/02\/cropped-favicon_eps-asds-1-150x150.png\" alt=\"\" \/>\n            <\/a>\n        <\/div>\n        <div class=\"latest_post_text\">\n            <div class=\"latest_post_inner\">\n                <div class=\"latest_post_text_inner\">\n                                                                <span class=\"date_hour_holder\">\n                                <span itemprop=\"dateCreated\" class=\"date entry_date updated\">06.09.2024 <meta itemprop=\"interactionCount\" content=\"UserComments: 0\"\/><\/span>\n                            <\/span>\n                                        <h3 itemprop=\"name\" class=\"latest_post_title entry_title\"><a itemprop=\"url\" href=\"https:\/\/www.eps-asds.ch\/de\/treffen-2024-gruppe-ehemalige-waadtlaender\/\">Treffen &amp; GA 2024 Gruppe Ehemalige Waadtl\u00e4nder<\/a><\/h3>\n                    <p itemprop=\"description\" class=\"excerpt\">Sehr geehrte Mitglieder, wir laden Sie alle zu unserer GV am 5. Oktober 2024 ein. Der traditionelle Kulturbesuch wird durch eine Kulturreise ersetzt. Wir schlagen Ihnen vor, ausnahmsweise einmal unseren Kanton zu verlassen und ins Wallis zu reisen. Wir schlagen jedoch vor, die Reise in einem unserer Flaggschiffe zu machen: einem CGN-Schiff von Vevey nach Bouveret. . Nous proposons ensuite un repas au restaurant La Terrasse du Port, suivi de notre AG au m\u00eame endroit. Pour le programme, voir courrier postal re\u00e7u....<\/p>\n                    <span class=\"post_infos\">\n\n                        \n                        \n                        \n\n                    <\/span>\n                <\/div>\n            <\/div>\n        <\/div>\n    <\/div>\n<\/li>\n        <li class=\"clearfix \">\n    <div class=\"latest_post\">\n        <div class=\"latest_post_image clearfix\">\n            <a itemprop=\"url\" href=\"https:\/\/www.eps-asds.ch\/de\/rencontres-2023-groupe-anciens-vaudois\/\">\n                                <img decoding=\"async\" itemprop=\"image\" src=\"https:\/\/www.eps-asds.ch\/wp-content\/uploads\/2020\/02\/cropped-favicon_eps-asds-1-150x150.png\" alt=\"\" \/>\n            <\/a>\n        <\/div>\n        <div class=\"latest_post_text\">\n            <div class=\"latest_post_inner\">\n                <div class=\"latest_post_text_inner\">\n                                                                <span class=\"date_hour_holder\">\n                                <span itemprop=\"dateCreated\" class=\"date entry_date updated\">15.11.2022 <meta itemprop=\"interactionCount\" content=\"UserComments: 0\"\/><\/span>\n                            <\/span>\n                                        <h3 itemprop=\"name\" class=\"latest_post_title entry_title\"><a itemprop=\"url\" href=\"https:\/\/www.eps-asds.ch\/de\/rencontres-2023-groupe-anciens-vaudois\/\">Begegnungen 2023 Gruppe Ehemalige Waadtl\u00e4nder<\/a><\/h3>\n                    <p itemprop=\"description\" class=\"excerpt\">Termine f\u00fcr das kommende Jahr 2023 : 4.2 Raclette-Ausflug und Konferenz am Abend in Lausanne im Prinzip. 29.4 AG Vaud 7.10 Herbstausflug...<\/p>\n                    <span class=\"post_infos\">\n\n                        \n                        \n                        \n\n                    <\/span>\n                <\/div>\n            <\/div>\n        <\/div>\n    <\/div>\n<\/li>\n        <li class=\"clearfix \">\n    <div class=\"latest_post\">\n        <div class=\"latest_post_image clearfix\">\n            <a itemprop=\"url\" href=\"https:\/\/www.eps-asds.ch\/de\/camp-federal-mova-2022\/\">\n                                <img decoding=\"async\" itemprop=\"image\" src=\"https:\/\/www.eps-asds.ch\/wp-content\/uploads\/2022\/05\/logo-Mova-150x150.png\" alt=\"\" \/>\n            <\/a>\n        <\/div>\n        <div class=\"latest_post_text\">\n            <div class=\"latest_post_inner\">\n                <div class=\"latest_post_text_inner\">\n                                                                <span class=\"date_hour_holder\">\n                                <span itemprop=\"dateCreated\" class=\"date entry_date updated\">05.07.2022 <meta itemprop=\"interactionCount\" content=\"UserComments: 0\"\/><\/span>\n                            <\/span>\n                                        <h3 itemprop=\"name\" class=\"latest_post_title entry_title\"><a itemprop=\"url\" href=\"https:\/\/www.eps-asds.ch\/de\/camp-federal-mova-2022\/\">Bundeslager mova 2022<\/a><\/h3>\n                    <p itemprop=\"description\" class=\"excerpt\">Um dieses Lager zu besuchen, klicken Sie bitte auf die mova...<\/p>\n                    <span class=\"post_infos\">\n\n                        \n                        \n                        \n\n                    <\/span>\n                <\/div>\n            <\/div>\n        <\/div>\n    <\/div>\n<\/li>\n        <li class=\"clearfix \">\n    <div class=\"latest_post\">\n        <div class=\"latest_post_image clearfix\">\n            <a itemprop=\"url\" href=\"https:\/\/www.eps-asds.ch\/de\/alles-am-anfang\/\">\n                                <img decoding=\"async\" itemprop=\"image\" src=\"https:\/\/www.eps-asds.ch\/wp-content\/uploads\/2022\/05\/logo-Mova-150x150.png\" alt=\"\" \/>\n            <\/a>\n        <\/div>\n        <div class=\"latest_post_text\">\n            <div class=\"latest_post_inner\">\n                <div class=\"latest_post_text_inner\">\n                                                                <span class=\"date_hour_holder\">\n                                <span itemprop=\"dateCreated\" class=\"date entry_date updated\">13.05.2022 <meta itemprop=\"interactionCount\" content=\"UserComments: 0\"\/><\/span>\n                            <\/span>\n                                        <h3 itemprop=\"name\" class=\"latest_post_title entry_title\"><a itemprop=\"url\" href=\"https:\/\/www.eps-asds.ch\/de\/alles-am-anfang\/\">Alles hat einen Anfang<\/a><\/h3>\n                    <p itemprop=\"description\" class=\"excerpt\">mova wird das gr\u00f6sste Bundeslager in der Geschichte des Schweizer Pfadfindertums. Bevor mova beginnt, lohnt sich ein Blick zur\u00fcck. Wie sahen fr\u00fchere Bundeslager aus? Wer hat teilgenommen? Wo und wann fanden sie statt? Wir haben f\u00fcr Sie in den MSdS-Scout-Archiven gew\u00fchlt. Hier finden Sie eine \u00dcbersicht \u00fcber die dreizehn Vorg\u00e4nger von mova. Verbindung \u00f6ffnen: Alles hat einen Anfang \u2013 mova...<\/p>\n                    <span class=\"post_infos\">\n\n                        \n                        \n                        \n\n                    <\/span>\n                <\/div>\n            <\/div>\n        <\/div>\n    <\/div>\n<\/li>\n        <li class=\"clearfix \">\n    <div class=\"latest_post\">\n        <div class=\"latest_post_image clearfix\">\n            <a itemprop=\"url\" href=\"https:\/\/www.eps-asds.ch\/de\/retrospective-asds-2018-2019\/\">\n                                <img decoding=\"async\" itemprop=\"image\" src=\"https:\/\/www.eps-asds.ch\/wp-content\/uploads\/2020\/02\/cropped-favicon_eps-asds-1-150x150.png\" alt=\"\" \/>\n            <\/a>\n        <\/div>\n        <div class=\"latest_post_text\">\n            <div class=\"latest_post_inner\">\n                <div class=\"latest_post_text_inner\">\n                                                                <span class=\"date_hour_holder\">\n                                <span itemprop=\"dateCreated\" class=\"date entry_date updated\">23.05.2020 <meta itemprop=\"interactionCount\" content=\"UserComments: 0\"\/><\/span>\n                            <\/span>\n                                        <h3 itemprop=\"name\" class=\"latest_post_title entry_title\"><a itemprop=\"url\" href=\"https:\/\/www.eps-asds.ch\/de\/retrospective-asds-2018-2019\/\">ASdS-R\u00fcckblick 2018\/2019<\/a><\/h3>\n                    <p itemprop=\"description\" class=\"excerpt\">Am 9. Juni 2018 trafen sich 13 Mitglieder an der AsdS GV in Winterthur. Beim Ap\u00e9ro erz\u00e4hlte uns Rolf Steiner \/ Plato von der Swiss Scout Foundation, wie sie funktioniert, was sie macht und wie sie Lagerpl\u00e4tze f\u00fcr die MSdS finanziert. Auch Fragen zu den Silver Scouts konnte er beantworten. Das Protokoll folgt mit der Einladung zur GV im n\u00e4chsten Jahr. Treffen der ISGF-Unterregionen im Jahr 2018. Einige Mitglieder reisten zum Westeuropa-Treffen nach Eastbourne in England, zum Mittelmeer- und S\u00fcdeuropa-Treffen nach Athen in Griechenland. Wir konnten Posen in Polen f\u00fcr Mitteleuropa nicht treffen. Vom 21. bis 25. August 2019 nahmen 11 Mitglieder an der 10. Europe Region Conference in Bremen, Deutschland, teil. Es war eine sch\u00f6ne und gut organisierte Veranstaltung in einem Ausstellungskomplex. Die gute Anbindung mit Bus, Stra\u00dfenbahn oder zu Fu\u00df erm\u00f6glichte es uns, die Bremer Altstadt zu entdecken. Im Rathaus der Beh\u00f6rden fand ein offizieller Empfang statt, gefolgt......<\/p>\n                    <span class=\"post_infos\">\n\n                        \n                        \n                        \n\n                    <\/span>\n                <\/div>\n            <\/div>\n        <\/div>\n    <\/div>\n<\/li>\n        <li class=\"clearfix \">\n    <div class=\"latest_post\">\n        <div class=\"latest_post_image clearfix\">\n            <a itemprop=\"url\" href=\"https:\/\/www.eps-asds.ch\/de\/jahresabonnement\/\">\n                                <img decoding=\"async\" itemprop=\"image\" src=\"https:\/\/www.eps-asds.ch\/wp-content\/uploads\/2020\/05\/caisse-enregistreuse-150x150.jpg\" alt=\"\" \/>\n            <\/a>\n        <\/div>\n        <div class=\"latest_post_text\">\n            <div class=\"latest_post_inner\">\n                <div class=\"latest_post_text_inner\">\n                                                                <span class=\"date_hour_holder\">\n                                <span itemprop=\"dateCreated\" class=\"date entry_date updated\">21.05.2020 <meta itemprop=\"interactionCount\" content=\"UserComments: 0\"\/><\/span>\n                            <\/span>\n                                        <h3 itemprop=\"name\" class=\"latest_post_title entry_title\"><a itemprop=\"url\" href=\"https:\/\/www.eps-asds.ch\/de\/jahresabonnement\/\">Jahresabonnement<\/a><\/h3>\n                    <p itemprop=\"description\" class=\"excerpt\">Gem\u00e4\u00df Beschluss des Ag 2018 bleibt der Beitrag unver\u00e4ndert. Fr. 25.\u2013 f\u00fcr Einzelmitglieder (Paare bezahlen nur Fr. 25.\u2013 einmalig) Fr. 50.\u2013 f\u00fcr Kollektivmitglieder = \u00c4ltestengruppen (GA) Fragen k\u00f6nnen an unsere Kasse weitergeleitet werden: Hansj\u00f6rg Hirt \/ Omag, R\u00fctenenweg 40, 5408 Ennetbaden, 056 222 82 21, hansjoerg.hirt@greenmail.ch Wir danken Ihnen herzlich f\u00fcr die Zahlung des Mitgliedsbeitrags 2020 auf unsere CCP 80-34582-0. Anbei: Einzahlungsschein....<\/p>\n                    <span class=\"post_infos\">\n\n                        \n                        \n                        \n\n                    <\/span>\n                <\/div>\n            <\/div>\n        <\/div>\n    <\/div>\n<\/li>\n        \n    <\/ul>\n<\/div>[\/vc_column][\/vc_row]<\/p>\n<\/div>","protected":false},"excerpt":{"rendered":"<p>[vc_row css_animation=&#8220;&#8220; row_type=&#8220;row&#8220; use_row_as_full_screen_section=&#8220;no&#8220; type=&#8220;grid&#8220; angled_section=&#8220;no&#8220; text_align=&#8220;left&#8220; background_image_as_pattern=&#8220;without_pattern&#8220; z_index=&#8220;&#8220;][vc_column][vc_empty_space height=&#8220;50px&#8220;][vc_column_text]Hier finden Sie die neuesten Informationen von EPS\/ASDS[\/vc_column_text][vc_empty_space height=&#8220;25px&#8220;][\/vc_column][\/vc_row]<\/p>\n","protected":false},"author":4,"featured_media":0,"parent":17208,"menu_order":1,"comment_status":"closed","ping_status":"closed","template":"","meta":{"inline_featured_image":false,"footnotes":""},"class_list":["post-17013","page","type-page","status-publish","hentry"],"_links":{"self":[{"href":"https:\/\/www.eps-asds.ch\/de\/wp-json\/wp\/v2\/pages\/17013","targetHints":{"allow":["GET"]}}],"collection":[{"href":"https:\/\/www.eps-asds.ch\/de\/wp-json\/wp\/v2\/pages"}],"about":[{"href":"https:\/\/www.eps-asds.ch\/de\/wp-json\/wp\/v2\/types\/page"}],"author":[{"embeddable":true,"href":"https:\/\/www.eps-asds.ch\/de\/wp-json\/wp\/v2\/users\/4"}],"replies":[{"embeddable":true,"href":"https:\/\/www.eps-asds.ch\/de\/wp-json\/wp\/v2\/comments?post=17013"}],"version-history":[{"count":9,"href":"https:\/\/www.eps-asds.ch\/de\/wp-json\/wp\/v2\/pages\/17013\/revisions"}],"predecessor-version":[{"id":17404,"href":"https:\/\/www.eps-asds.ch\/de\/wp-json\/wp\/v2\/pages\/17013\/revisions\/17404"}],"up":[{"embeddable":true,"href":"https:\/\/www.eps-asds.ch\/de\/wp-json\/wp\/v2\/pages\/17208"}],"wp:attachment":[{"href":"https:\/\/www.eps-asds.ch\/de\/wp-json\/wp\/v2\/media?parent=17013"}],"curies":[{"name":"wp","href":"https:\/\/api.w.org\/{rel}","templated":true}]}}