{"id":16972,"date":"2015-05-12T12:22:45","date_gmt":"2015-05-12T10:22:45","guid":{"rendered":"https:\/\/www.eps-asds.ch\/accueil\/"},"modified":"2022-07-06T10:22:47","modified_gmt":"2022-07-06T08:22:47","slug":"accueil","status":"publish","type":"page","link":"https:\/\/www.eps-asds.ch\/de\/","title":{"rendered":"Startseite"},"content":{"rendered":"<div class=\"wpb-content-wrapper\"><p>[vc_row css_animation=&#8220;&#8220; row_type=&#8220;row&#8220; use_row_as_full_screen_section=&#8220;no&#8220; type=&#8220;grid&#8220; angled_section=&#8220;no&#8220; text_align=&#8220;left&#8220; background_image_as_pattern=&#8220;without_pattern&#8220; padding_top=&#8220;89&#8243; padding_bottom=&#8220;47&#8243; z_index=&#8220;&#8220;][vc_column width=&#8220;1\/2&#8243;][vc_column_text]<\/p>\n<h2 style=\"text-align: left;\">Einmal Pfadfinder \u2013 immer Pfadfinder<\/h2>\n<p>[\/vc_column_text][vc_separator type=&#8220;transparent&#8220; up=&#8220;40&#8243; down=&#8220;0&#8243;][vc_column_text]<\/p>\n<p style=\"text-align: left;\">Dieses Motto gilt f\u00fcr alle, die nicht mehr Teil der aktiven Bewegung sind. Aber man kann immer noch Pfadfinder in seinem Beruf, in seinen Hobbys, in seiner Familie sein, ohne offiziell Mitglied einer Organisation zu sein. Viele M\u00e4nner und Frauen m\u00f6chten jedoch die vielen Kontakte, die sie w\u00e4hrend ihrer Zeit als aktive Pfadfinder hatten, nicht verlieren; Sie m\u00f6chten die Bem\u00fchungen der Aktiven unterst\u00fctzen und letztlich direkt \u00fcber das Geschehen in der Pfadfinderbewegung informiert werden. Diese Menschen finden sich in knapp 300 Ortsgruppen von Veteranen wieder oder sind Teil des Dachverbandes: der Ehemaligen Pfadfinder der Schweiz. Diese Organisationen veranstalten Veranstaltungen f\u00fcr ihre Mitglieder und informieren \u00fcber Verm\u00f6gen, sei es auf kommunaler oder auf Bundesebene. Sie leisten auch Unterst\u00fctzung, indem sie zum Beispiel beim Betreiben eines Heimpfadfinders mithelfen, verschiedene Aktivit\u00e4ten gezielt finanzieren oder in Veranstaltungen oder Aktivit\u00e4ten von Gruppen, kantonalen Vereinen oder der Pfadfinderbewegung Schweiz eingreifen (beratend oder direkt handelnd).<\/p>\n<p>&nbsp;<\/p>\n<p style=\"text-align: left;\">Unsere Website muss neben Informationen zu regelm\u00e4\u00dfigen Alumni-Veranstaltungen eine Verbindung zwischen den Mitgliedern des ASdS (einzelne Mitglieder oder Gruppen von Alumni = GA) darstellen. Er muss andere interessierte Kreise dar\u00fcber schulen, was die Aktiv- und Alumni-Bewegung tun. Abschlie\u00dfend m\u00f6chte er weitere ehemalige Pfadfinder einladen, sich den entsprechenden Organisationen anzuschlie\u00dfen und so der j\u00fcngeren Generation zu helfen, das Pfadfinderabenteuer zu leben.<\/p>\n<p>&nbsp;<\/p>\n<p style=\"text-align: left;\">In \u00abEntre nous\u00bb stellen sich die Ehemaligen Pfadfinder der Schweiz vor; In der Rubrik \u201eAktivit\u00e4ten\u201c k\u00fcndigen sie Aktivit\u00e4ten und Veranstaltungen an. Das Echo der Aktivit\u00e4ten finden Sie unter \u201eBerichte und Fotos\u201c. \u201eInfo\u201c besteht (k\u00fcnftig) aus den Inhalten unseres Newsletters, die als pdf-Datei gedruckt werden. &#8222;Links&#8220; bietet Webadressen f\u00fcr Scouting-Seiten (und hoffentlich bald f\u00fcr viele Alumni-Gruppen). &#8222;Kontakte&#8220; betrifft alle Personen, die in unserer Organisation eine Funktion haben, und zeigt die Mittel an, um sie zu erreichen.<\/p>\n<p>[\/vc_column_text][vc_empty_space height=&#8220;70px&#8220;][\/vc_column][vc_column width=&#8220;1\/2&#8243; css=&#8220;.vc_custom_1582741515126{padding-top: 0px !important;padding-bottom: 0px !important;border-radius: 1px !important;}&#8220;]<a  itemprop=\"url\" href=\"\/Kontakt\/\" target=\"_self\"  class=\"qbutton  big_large_full_width default\" style=\"\">Mitglied werden<\/a>[vc_separator type=&#8220;transparent&#8220; up=&#8220;35&#8243; down=&#8220;0&#8243;][qode_elements_holder number_of_columns=&#8220;one_column&#8220;][qode_elements_holder_item background_color=&#8220;#d6e8ff&#8220; item_padding=&#8220;25px&#8220; vertical_alignment=&#8220;top&#8220; horizontal_alignment=&#8220;left&#8220; advanced_animations=&#8220;no&#8220;][vc_widget_sidebar title=&#8220;Tagebuch&#8220; sidebar_id=&#8220;homepageAside&#8220; el_id=&#8220;homepageAside&#8220;][vc_separator type=&#8220;transparent&#8220; up=&#8220;30&#8243; down=&#8220;0&#8243;]<a  itemprop=\"url\" href=\"\/Veranstaltungen\/\" target=\"_self\"  class=\"qbutton  large default\" style=\"\">Vollst\u00e4ndige Agenda<\/a>[\/qode_elements_holder_item][\/qode_elements_holder][vc_separator type=&#8220;transparent&#8220; up=&#8220;35&#8243; down=&#8220;0&#8243;][qode_elements_holder number_of_columns=&#8220;one_column&#8220;][qode_elements_holder_item background_color=&#8220;#d6e8ff&#8220; item_padding=&#8220;25px&#8220; vertical_alignment=&#8220;top&#8220; horizontal_alignment=&#8220;left&#8220; advanced_animations=&#8220;no&#8220;][vc_column_text]<\/p>\n<h2>Nachrichten<\/h2>\n<p>[\/vc_column_text][vc_empty_space]\n<div class='latest_post_holder image_in_box  ' >\n    <ul>\n    \n        <li class=\"clearfix\">\n            <div class=\"latest_post\"  >\n                <div class=\"latest_post_image clearfix\">\n                    <a itemprop=\"url\" href=\"https:\/\/www.eps-asds.ch\/de\/22-februar-2026-tragen-sie-ihr-kopftuch\/\">\n                                                <img decoding=\"async\" itemprop=\"image\" src=\"https:\/\/www.eps-asds.ch\/wp-content\/uploads\/2025\/02\/Drapeau-scout-mondial-180x300cm-150x150.jpg\" alt=\"\" \/>\n                    <\/a>\n                <\/div>\n\n\n                <div class=\"latest_post_text\">\n                    <div class=\"latest_post_inner\">\n                        <div class=\"latest_post_text_inner\">\n                            <h3 itemprop=\"name\" class=\"latest_post_title entry_title\"><a itemprop=\"url\" href=\"https:\/\/www.eps-asds.ch\/de\/22-februar-2026-tragen-sie-ihr-kopftuch\/\">22. Februar 2026 &#8211; Tragen Sie Ihr Kopftuch!<\/a><\/h3>\n                            <p itemprop=\"description\" class=\"excerpt\">22. Februar 2026 &#8211; Tragen Sie Ihr Kopftuch! &nbsp;...<\/p>\n                            <span class=\"post_infos\">\n                                                                    <span class=\"date_hour_holder\">\n                                        <span itemprop=\"dateCreated\" class=\"date entry_date updated\">14 Februar, 2026 <meta itemprop=\"interactionCount\" content=\"UserComments: 0\"\/><\/span>\n                                    <\/span>\n                                \n                                \n                                \n                                \n                                                            <\/span>\n                        <\/div>\n                    <\/div>\n                <\/div>\n            <\/div>\n        <\/li>\n        \n        <li class=\"clearfix\">\n            <div class=\"latest_post\"  >\n                <div class=\"latest_post_image clearfix\">\n                    <a itemprop=\"url\" href=\"https:\/\/www.eps-asds.ch\/de\/22-februar-2025-tragen-sie-ihr-kopftuch\/\">\n                                                <img decoding=\"async\" itemprop=\"image\" src=\"https:\/\/www.eps-asds.ch\/wp-content\/uploads\/2025\/02\/Drapeau-scout-mondial-180x300cm-150x150.jpg\" alt=\"\" \/>\n                    <\/a>\n                <\/div>\n\n\n                <div class=\"latest_post_text\">\n                    <div class=\"latest_post_inner\">\n                        <div class=\"latest_post_text_inner\">\n                            <h3 itemprop=\"name\" class=\"latest_post_title entry_title\"><a itemprop=\"url\" href=\"https:\/\/www.eps-asds.ch\/de\/22-februar-2025-tragen-sie-ihr-kopftuch\/\">22. Februar 2025 &#8211; Tragen Sie Ihr Kopftuch!<\/a><\/h3>\n                            <p itemprop=\"description\" class=\"excerpt\">Wie jedes Jahr werden Tausende von Schweizer Pfadfindern den Geburtstag des Pfadfindergr\u00fcnders Baden Powell (BiPi) feiern, indem sie ihr Halstuch zu s...<\/p>\n                            <span class=\"post_infos\">\n                                                                    <span class=\"date_hour_holder\">\n                                        <span itemprop=\"dateCreated\" class=\"date entry_date updated\">22 Februar, 2025 <meta itemprop=\"interactionCount\" content=\"UserComments: 0\"\/><\/span>\n                                    <\/span>\n                                \n                                \n                                \n                                \n                                                            <\/span>\n                        <\/div>\n                    <\/div>\n                <\/div>\n            <\/div>\n        <\/li>\n        \n        <li class=\"clearfix\">\n            <div class=\"latest_post\"  >\n                <div class=\"latest_post_image clearfix\">\n                    <a itemprop=\"url\" href=\"https:\/\/www.eps-asds.ch\/de\/treffen-2024-gruppe-ehemalige-waadtlaender\/\">\n                                                <img decoding=\"async\" itemprop=\"image\" src=\"https:\/\/www.eps-asds.ch\/wp-content\/uploads\/2020\/02\/cropped-favicon_eps-asds-1-150x150.png\" alt=\"\" \/>\n                    <\/a>\n                <\/div>\n\n\n                <div class=\"latest_post_text\">\n                    <div class=\"latest_post_inner\">\n                        <div class=\"latest_post_text_inner\">\n                            <h3 itemprop=\"name\" class=\"latest_post_title entry_title\"><a itemprop=\"url\" href=\"https:\/\/www.eps-asds.ch\/de\/treffen-2024-gruppe-ehemalige-waadtlaender\/\">Treffen &amp; GA 2024 Gruppe Ehemalige Waadtl\u00e4nder<\/a><\/h3>\n                            <p itemprop=\"description\" class=\"excerpt\">Sehr geehrte Mitglieder, wir laden Sie alle zu unserer GV am 5. Oktober 2024 ein. Der traditionelle Kulturbesuch wird durch eine Kulturreise ersetzt. ...<\/p>\n                            <span class=\"post_infos\">\n                                                                    <span class=\"date_hour_holder\">\n                                        <span itemprop=\"dateCreated\" class=\"date entry_date updated\">06 September, 2024 <meta itemprop=\"interactionCount\" content=\"UserComments: 0\"\/><\/span>\n                                    <\/span>\n                                \n                                \n                                \n                                \n                                                            <\/span>\n                        <\/div>\n                    <\/div>\n                <\/div>\n            <\/div>\n        <\/li>\n        \n    <\/ul>\n<\/div><a  itemprop=\"url\" href=\"\/Nachrichten\/\" target=\"_self\"  class=\"qbutton  large default\" style=\"\">Alle Neuigkeiten<\/a>[\/qode_elements_holder_item][\/qode_elements_holder][\/vc_column][\/vc_row]<\/p>\n<\/div>","protected":false},"excerpt":{"rendered":"<p>[vc_row css_animation=&#8220;&#8220; row_type=&#8220;row&#8220; use_row_as_full_screen_section=&#8220;no&#8220; type=&#8220;grid&#8220; angled_section=&#8220;no&#8220; text_align=&#8220;left&#8220; background_image_as_pattern=&#8220;without_pattern&#8220; padding_top=&#8220;89&#8243; padding_bottom=&#8220;47&#8243; z_index=&#8220;&#8220;][vc_column width=&#8220;1\/2&#8243;][vc_column_text] Einmal Pfadfinder \u2013 immer Pfadfinder [\/vc_column_text][vc_separator type=&#8220;transparent&#8220; up=&#8220;40&#8243; down=&#8220;0&#8243;][vc_column_text] Dieses Motto gilt f\u00fcr alle, die nicht mehr Teil der aktiven Bewegung sind. Aber man kann immer noch Pfadfinder in seinem Beruf, in seinen Hobbys, in seiner Familie sein, ohne offiziell Mitglied einer Organisation zu sein. Viele M\u00e4nner und Frauen m\u00f6chten jedoch die vielen Kontakte, die sie w\u00e4hrend ihrer Zeit als aktive Pfadfinder hatten, nicht verlieren; Sie m\u00f6chten die Bem\u00fchungen der Aktiven unterst\u00fctzen und letztlich direkt \u00fcber das Geschehen in der Pfadfinderbewegung informiert werden. Diese Menschen finden sich in knapp 300 Ortsgruppen von Veteranen wieder oder sind Teil des Dachverbandes: der Ehemaligen Pfadfinder der Schweiz. Diese Organisationen veranstalten Veranstaltungen f\u00fcr ihre Mitglieder und informieren \u00fcber Verm\u00f6gen, sei es auf kommunaler oder auf Bundesebene. Sie leisten auch Unterst\u00fctzung, indem sie zum Beispiel beim Betreiben eines Heimpfadfinders mithelfen, verschiedene Aktivit\u00e4ten gezielt&#8230;<\/p>\n","protected":false},"author":3,"featured_media":0,"parent":0,"menu_order":4,"comment_status":"open","ping_status":"open","template":"full_width.php","meta":{"inline_featured_image":false,"footnotes":""},"class_list":["post-16972","page","type-page","status-publish","hentry"],"_links":{"self":[{"href":"https:\/\/www.eps-asds.ch\/de\/wp-json\/wp\/v2\/pages\/16972","targetHints":{"allow":["GET"]}}],"collection":[{"href":"https:\/\/www.eps-asds.ch\/de\/wp-json\/wp\/v2\/pages"}],"about":[{"href":"https:\/\/www.eps-asds.ch\/de\/wp-json\/wp\/v2\/types\/page"}],"author":[{"embeddable":true,"href":"https:\/\/www.eps-asds.ch\/de\/wp-json\/wp\/v2\/users\/3"}],"replies":[{"embeddable":true,"href":"https:\/\/www.eps-asds.ch\/de\/wp-json\/wp\/v2\/comments?post=16972"}],"version-history":[{"count":12,"href":"https:\/\/www.eps-asds.ch\/de\/wp-json\/wp\/v2\/pages\/16972\/revisions"}],"predecessor-version":[{"id":17402,"href":"https:\/\/www.eps-asds.ch\/de\/wp-json\/wp\/v2\/pages\/16972\/revisions\/17402"}],"wp:attachment":[{"href":"https:\/\/www.eps-asds.ch\/de\/wp-json\/wp\/v2\/media?parent=16972"}],"curies":[{"name":"wp","href":"https:\/\/api.w.org\/{rel}","templated":true}]}}